{"id":616,"date":"2023-05-25T22:54:13","date_gmt":"2023-05-26T04:54:13","guid":{"rendered":"http:\/\/3.92.4.195\/?page_id=616"},"modified":"2024-04-08T16:34:37","modified_gmt":"2024-04-08T22:34:37","slug":"terminos-condiciones","status":"publish","type":"page","link":"https:\/\/johnnyrockets.co.cr\/es\/terminos-condiciones\/","title":{"rendered":"T\u00e9rminos y Condiciones"},"content":{"rendered":"\t\t<div data-elementor-type=\"wp-page\" data-elementor-id=\"616\" class=\"elementor elementor-616\" data-elementor-post-type=\"page\">\n\t\t\t\t\t\t<section class=\"elementor-section elementor-top-section elementor-element elementor-element-1051c4e elementor-hidden-tablet elementor-hidden-mobile elementor-section-boxed elementor-section-height-default elementor-section-height-default\" data-id=\"1051c4e\" data-element_type=\"section\" data-e-type=\"section\">\n\t\t\t\t\t\t<div class=\"elementor-container elementor-column-gap-default\">\n\t\t\t\t\t<div class=\"elementor-column elementor-col-100 elementor-top-column elementor-element elementor-element-ca515c6\" data-id=\"ca515c6\" data-element_type=\"column\" data-e-type=\"column\">\n\t\t\t<div class=\"elementor-widget-wrap elementor-element-populated\">\n\t\t\t\t\t\t<div class=\"elementor-element elementor-element-3f26056 elementor-widget elementor-widget-image\" data-id=\"3f26056\" data-element_type=\"widget\" data-e-type=\"widget\" data-widget_type=\"image.default\">\n\t\t\t\t<div class=\"elementor-widget-container\">\n\t\t\t\t\t\t\t\t\t\t\t\t\t\t\t<img fetchpriority=\"high\" decoding=\"async\" width=\"1920\" height=\"289\" src=\"https:\/\/johnnyrockets.co.cr\/wp-content\/uploads\/2024\/04\/JR_TerminosyCondiciones_1.png\" class=\"attachment-2048x2048 size-2048x2048 wp-image-2748\" alt=\"\" srcset=\"https:\/\/johnnyrockets.co.cr\/wp-content\/uploads\/2024\/04\/JR_TerminosyCondiciones_1.png 1920w, https:\/\/johnnyrockets.co.cr\/wp-content\/uploads\/2024\/04\/JR_TerminosyCondiciones_1-600x90.png 600w, https:\/\/johnnyrockets.co.cr\/wp-content\/uploads\/2024\/04\/JR_TerminosyCondiciones_1-64x10.png 64w, https:\/\/johnnyrockets.co.cr\/wp-content\/uploads\/2024\/04\/JR_TerminosyCondiciones_1-300x45.png 300w, https:\/\/johnnyrockets.co.cr\/wp-content\/uploads\/2024\/04\/JR_TerminosyCondiciones_1-1024x154.png 1024w, https:\/\/johnnyrockets.co.cr\/wp-content\/uploads\/2024\/04\/JR_TerminosyCondiciones_1-768x116.png 768w, https:\/\/johnnyrockets.co.cr\/wp-content\/uploads\/2024\/04\/JR_TerminosyCondiciones_1-1536x231.png 1536w, https:\/\/johnnyrockets.co.cr\/wp-content\/uploads\/2024\/04\/JR_TerminosyCondiciones_1-18x3.png 18w\" sizes=\"(max-width: 1920px) 100vw, 1920px\" \/>\t\t\t\t\t\t\t\t\t\t\t\t\t\t\t<\/div>\n\t\t\t\t<\/div>\n\t\t\t\t\t<\/div>\n\t\t<\/div>\n\t\t\t\t\t<\/div>\n\t\t<\/section>\n\t\t\t\t<section class=\"elementor-section elementor-top-section elementor-element elementor-element-c9fb652 elementor-hidden-desktop elementor-section-boxed elementor-section-height-default elementor-section-height-default\" data-id=\"c9fb652\" data-element_type=\"section\" data-e-type=\"section\">\n\t\t\t\t\t\t<div class=\"elementor-container elementor-column-gap-default\">\n\t\t\t\t\t<div class=\"elementor-column elementor-col-100 elementor-top-column elementor-element elementor-element-2f91998\" data-id=\"2f91998\" data-element_type=\"column\" data-e-type=\"column\">\n\t\t\t<div class=\"elementor-widget-wrap elementor-element-populated\">\n\t\t\t\t\t\t<div class=\"elementor-element elementor-element-eb89661 elementor-widget elementor-widget-image\" data-id=\"eb89661\" data-element_type=\"widget\" data-e-type=\"widget\" data-widget_type=\"image.default\">\n\t\t\t\t<div class=\"elementor-widget-container\">\n\t\t\t\t\t\t\t\t\t\t\t\t\t\t\t<img decoding=\"async\" width=\"800\" height=\"267\" src=\"https:\/\/johnnyrockets.co.cr\/wp-content\/uploads\/2024\/04\/JR_TerminosyCondiciones_1-1.png\" class=\"attachment-large size-large wp-image-2756\" alt=\"\" srcset=\"https:\/\/johnnyrockets.co.cr\/wp-content\/uploads\/2024\/04\/JR_TerminosyCondiciones_1-1.png 867w, https:\/\/johnnyrockets.co.cr\/wp-content\/uploads\/2024\/04\/JR_TerminosyCondiciones_1-1-600x200.png 600w, https:\/\/johnnyrockets.co.cr\/wp-content\/uploads\/2024\/04\/JR_TerminosyCondiciones_1-1-64x21.png 64w, https:\/\/johnnyrockets.co.cr\/wp-content\/uploads\/2024\/04\/JR_TerminosyCondiciones_1-1-300x100.png 300w, https:\/\/johnnyrockets.co.cr\/wp-content\/uploads\/2024\/04\/JR_TerminosyCondiciones_1-1-768x256.png 768w, https:\/\/johnnyrockets.co.cr\/wp-content\/uploads\/2024\/04\/JR_TerminosyCondiciones_1-1-18x6.png 18w\" sizes=\"(max-width: 800px) 100vw, 800px\" \/>\t\t\t\t\t\t\t\t\t\t\t\t\t\t\t<\/div>\n\t\t\t\t<\/div>\n\t\t\t\t\t<\/div>\n\t\t<\/div>\n\t\t\t\t\t<\/div>\n\t\t<\/section>\n\t\t\t\t<section class=\"elementor-section elementor-top-section elementor-element elementor-element-c0a3826 elementor-section-boxed elementor-section-height-default elementor-section-height-default\" data-id=\"c0a3826\" data-element_type=\"section\" data-e-type=\"section\">\n\t\t\t\t\t\t<div class=\"elementor-container elementor-column-gap-default\">\n\t\t\t\t\t<div class=\"elementor-column elementor-col-100 elementor-top-column elementor-element elementor-element-2b9517cf\" data-id=\"2b9517cf\" data-element_type=\"column\" data-e-type=\"column\">\n\t\t\t<div class=\"elementor-widget-wrap elementor-element-populated\">\n\t\t\t\t\t\t<div class=\"elementor-element elementor-element-115c1137 elementor-widget elementor-widget-text-editor\" data-id=\"115c1137\" data-element_type=\"widget\" data-e-type=\"widget\" data-widget_type=\"text-editor.default\">\n\t\t\t\t<div class=\"elementor-widget-container\">\n\t\t\t\t\t\t\t\t\t<p><\/p>\n<p><strong style=\"color: var( --e-global-color-text ); font-family: var( --e-global-typography-text-font-family ), Sans-serif; font-size: 1rem;\">Combos Rocket<\/strong><strong><br \/><\/strong><\/p>\n<p>V\u00e1lido \u00fanicamente en restaurantes Johnny Rocket Costa Rica. Precio de \u00a23.900 en productos seleccionados (The Rocket Single, Grilled Chicken Club Salad, The Original, Chicken Bites, Grilled Chicken Breast Sandwich, Rocket Totchos). Se pueden adicionar papas por un costo adicional de \u00a2600 colones y bebida natural o gaseosa por un costo adicional de \u00a2600 colones, est\u00e1 bebida no incluye refill. Todo adicional que no est\u00e9 dentro de Combos Rocket se cobrar\u00e1 a precio de men\u00fa regular.Todos nuestros precios incluyen impuesto de venta y de servicio.<\/p>\n<p><strong>All Star Combos <\/strong><\/p>\n<p>V\u00e1lido \u00fanicamente en la plataforma de Uber Eats en Johnny Rockets Costa Rica. Este combo tiene un precio de \u00a218900 en donde se puede seleccionar 4 de los productos seleccionados (Rocket single, Route 66, #12 Chicken Tenders). Estos incluyen papas o ensalada a escoger en el app. Este combo no incluye bebida.<\/p>\n<p><strong>All Star Combos 2 pack<\/strong><\/p>\n<p>V\u00e1lido \u00fanicamente en la plataforma de Uber Eats en Johnny Rockets Costa Rica. Este combo tiene un precio de \u00a213900 en donde se puede seleccionar 2 de los productos seleccionados (Rocket single, Route 66, #12, Spicy Houston) m\u00e1s una orden de mozzarella Sticks. Este combo no incluye bebida.<\/p>\n<p><\/p>\t\t\t\t\t\t\t\t<\/div>\n\t\t\t\t<\/div>\n\t\t\t\t\t<\/div>\n\t\t<\/div>\n\t\t\t\t\t<\/div>\n\t\t<\/section>\n\t\t\t\t<\/div>\n\t\t","protected":false},"excerpt":{"rendered":"<p>Combos Rocket V\u00e1lido \u00fanicamente en restaurantes Johnny Rocket Costa Rica. Precio de \u00a23.900 en productos seleccionados (The Rocket Single, Grilled Chicken Club Salad, The Original, Chicken Bites, Grilled Chicken Breast Sandwich, Rocket Totchos). Se pueden adicionar papas por un costo adicional de \u00a2600 colones y bebida natural o gaseosa por un costo adicional de \u00a2600 [&hellip;]<\/p>\n","protected":false},"author":1,"featured_media":0,"parent":0,"menu_order":0,"comment_status":"closed","ping_status":"closed","template":"","meta":{"footnotes":""},"class_list":["post-616","page","type-page","status-publish","hentry"],"yoast_head":"<!-- This site is optimized with the Yoast SEO plugin v27.4 - https:\/\/yoast.com\/product\/yoast-seo-wordpress\/ -->\n<title>T\u00e9rminos y Condiciones - Johnny Rockets<\/title>\n<meta name=\"robots\" content=\"index, follow, max-snippet:-1, max-image-preview:large, max-video-preview:-1\" \/>\n<link rel=\"canonical\" href=\"https:\/\/johnnyrockets.co.cr\/es\/terminos-condiciones\/\" \/>\n<meta property=\"og:locale\" content=\"es_ES\" \/>\n<meta property=\"og:type\" content=\"article\" \/>\n<meta property=\"og:title\" content=\"T\u00e9rminos y Condiciones - Johnny Rockets\" \/>\n<meta property=\"og:description\" content=\"Combos Rocket V\u00e1lido \u00fanicamente en restaurantes Johnny Rocket Costa Rica. Precio de \u00a23.900 en productos seleccionados (The Rocket Single, Grilled Chicken Club Salad, The Original, Chicken Bites, Grilled Chicken Breast Sandwich, Rocket Totchos). Se pueden adicionar papas por un costo adicional de \u00a2600 colones y bebida natural o gaseosa por un costo adicional de \u00a2600 [&hellip;]\" \/>\n<meta property=\"og:url\" content=\"https:\/\/johnnyrockets.co.cr\/es\/terminos-condiciones\/\" \/>\n<meta property=\"og:site_name\" content=\"Johnny Rockets\" \/>\n<meta property=\"article:publisher\" content=\"https:\/\/www.facebook.com\/JohnnyRocketsCR\/\" \/>\n<meta property=\"article:modified_time\" content=\"2024-04-08T22:34:37+00:00\" \/>\n<meta property=\"og:image\" content=\"https:\/\/johnnyrockets.co.cr\/wp-content\/uploads\/2024\/04\/JR_TerminosyCondiciones_1.png\" \/>\n<meta name=\"twitter:card\" content=\"summary_large_image\" \/>\n<meta name=\"twitter:label1\" content=\"Tiempo de lectura\" \/>\n\t<meta name=\"twitter:data1\" content=\"2 minutos\" \/>\n<script type=\"application\/ld+json\" class=\"yoast-schema-graph\">{\"@context\":\"https:\\\/\\\/schema.org\",\"@graph\":[{\"@type\":\"WebPage\",\"@id\":\"https:\\\/\\\/johnnyrockets.co.cr\\\/terminos-condiciones\\\/\",\"url\":\"https:\\\/\\\/johnnyrockets.co.cr\\\/terminos-condiciones\\\/\",\"name\":\"T\u00e9rminos y Condiciones - Johnny Rockets\",\"isPartOf\":{\"@id\":\"https:\\\/\\\/johnnyrockets.co.cr\\\/#website\"},\"primaryImageOfPage\":{\"@id\":\"https:\\\/\\\/johnnyrockets.co.cr\\\/terminos-condiciones\\\/#primaryimage\"},\"image\":{\"@id\":\"https:\\\/\\\/johnnyrockets.co.cr\\\/terminos-condiciones\\\/#primaryimage\"},\"thumbnailUrl\":\"https:\\\/\\\/johnnyrockets.co.cr\\\/wp-content\\\/uploads\\\/2024\\\/04\\\/JR_TerminosyCondiciones_1.png\",\"datePublished\":\"2023-05-26T04:54:13+00:00\",\"dateModified\":\"2024-04-08T22:34:37+00:00\",\"breadcrumb\":{\"@id\":\"https:\\\/\\\/johnnyrockets.co.cr\\\/terminos-condiciones\\\/#breadcrumb\"},\"inLanguage\":\"es\",\"potentialAction\":[{\"@type\":\"ReadAction\",\"target\":[\"https:\\\/\\\/johnnyrockets.co.cr\\\/terminos-condiciones\\\/\"]}]},{\"@type\":\"ImageObject\",\"inLanguage\":\"es\",\"@id\":\"https:\\\/\\\/johnnyrockets.co.cr\\\/terminos-condiciones\\\/#primaryimage\",\"url\":\"https:\\\/\\\/johnnyrockets.co.cr\\\/wp-content\\\/uploads\\\/2024\\\/04\\\/JR_TerminosyCondiciones_1.png\",\"contentUrl\":\"https:\\\/\\\/johnnyrockets.co.cr\\\/wp-content\\\/uploads\\\/2024\\\/04\\\/JR_TerminosyCondiciones_1.png\"},{\"@type\":\"BreadcrumbList\",\"@id\":\"https:\\\/\\\/johnnyrockets.co.cr\\\/terminos-condiciones\\\/#breadcrumb\",\"itemListElement\":[{\"@type\":\"ListItem\",\"position\":1,\"name\":\"Portada\",\"item\":\"https:\\\/\\\/johnnyrockets.co.cr\\\/\"},{\"@type\":\"ListItem\",\"position\":2,\"name\":\"T\u00e9rminos y Condiciones\"}]},{\"@type\":\"WebSite\",\"@id\":\"https:\\\/\\\/johnnyrockets.co.cr\\\/#website\",\"url\":\"https:\\\/\\\/johnnyrockets.co.cr\\\/\",\"name\":\"Johnny Rockets\",\"description\":\"Burgers, Shakes, Fries and Fun\",\"publisher\":{\"@id\":\"https:\\\/\\\/johnnyrockets.co.cr\\\/#organization\"},\"potentialAction\":[{\"@type\":\"SearchAction\",\"target\":{\"@type\":\"EntryPoint\",\"urlTemplate\":\"https:\\\/\\\/johnnyrockets.co.cr\\\/?s={search_term_string}\"},\"query-input\":{\"@type\":\"PropertyValueSpecification\",\"valueRequired\":true,\"valueName\":\"search_term_string\"}}],\"inLanguage\":\"es\"},{\"@type\":\"Organization\",\"@id\":\"https:\\\/\\\/johnnyrockets.co.cr\\\/#organization\",\"name\":\"Johnny Rockets\",\"url\":\"https:\\\/\\\/johnnyrockets.co.cr\\\/\",\"logo\":{\"@type\":\"ImageObject\",\"inLanguage\":\"es\",\"@id\":\"https:\\\/\\\/johnnyrockets.co.cr\\\/#\\\/schema\\\/logo\\\/image\\\/\",\"url\":\"https:\\\/\\\/johnnyrockets.co.cr\\\/wp-content\\\/uploads\\\/2025\\\/07\\\/JohnnyRockets2020-e1753887478201.png\",\"contentUrl\":\"https:\\\/\\\/johnnyrockets.co.cr\\\/wp-content\\\/uploads\\\/2025\\\/07\\\/JohnnyRockets2020-e1753887478201.png\",\"width\":300,\"height\":270,\"caption\":\"Johnny Rockets\"},\"image\":{\"@id\":\"https:\\\/\\\/johnnyrockets.co.cr\\\/#\\\/schema\\\/logo\\\/image\\\/\"},\"sameAs\":[\"https:\\\/\\\/www.facebook.com\\\/JohnnyRocketsCR\\\/\",\"https:\\\/\\\/www.instagram.com\\\/johnnyrockets_cr\\\/?hl=en\"]}]}<\/script>\n<!-- \/ Yoast SEO plugin. -->","yoast_head_json":{"title":"T\u00e9rminos y Condiciones - Johnny Rockets","robots":{"index":"index","follow":"follow","max-snippet":"max-snippet:-1","max-image-preview":"max-image-preview:large","max-video-preview":"max-video-preview:-1"},"canonical":"https:\/\/johnnyrockets.co.cr\/es\/terminos-condiciones\/","og_locale":"es_ES","og_type":"article","og_title":"T\u00e9rminos y Condiciones - Johnny Rockets","og_description":"Combos Rocket V\u00e1lido \u00fanicamente en restaurantes Johnny Rocket Costa Rica. Precio de \u00a23.900 en productos seleccionados (The Rocket Single, Grilled Chicken Club Salad, The Original, Chicken Bites, Grilled Chicken Breast Sandwich, Rocket Totchos). Se pueden adicionar papas por un costo adicional de \u00a2600 colones y bebida natural o gaseosa por un costo adicional de \u00a2600 [&hellip;]","og_url":"https:\/\/johnnyrockets.co.cr\/es\/terminos-condiciones\/","og_site_name":"Johnny Rockets","article_publisher":"https:\/\/www.facebook.com\/JohnnyRocketsCR\/","article_modified_time":"2024-04-08T22:34:37+00:00","og_image":[{"url":"https:\/\/johnnyrockets.co.cr\/wp-content\/uploads\/2024\/04\/JR_TerminosyCondiciones_1.png","type":"","width":"","height":""}],"twitter_card":"summary_large_image","twitter_misc":{"Tiempo de lectura":"2 minutos"},"schema":{"@context":"https:\/\/schema.org","@graph":[{"@type":"WebPage","@id":"https:\/\/johnnyrockets.co.cr\/terminos-condiciones\/","url":"https:\/\/johnnyrockets.co.cr\/terminos-condiciones\/","name":"T\u00e9rminos y Condiciones - Johnny Rockets","isPartOf":{"@id":"https:\/\/johnnyrockets.co.cr\/#website"},"primaryImageOfPage":{"@id":"https:\/\/johnnyrockets.co.cr\/terminos-condiciones\/#primaryimage"},"image":{"@id":"https:\/\/johnnyrockets.co.cr\/terminos-condiciones\/#primaryimage"},"thumbnailUrl":"https:\/\/johnnyrockets.co.cr\/wp-content\/uploads\/2024\/04\/JR_TerminosyCondiciones_1.png","datePublished":"2023-05-26T04:54:13+00:00","dateModified":"2024-04-08T22:34:37+00:00","breadcrumb":{"@id":"https:\/\/johnnyrockets.co.cr\/terminos-condiciones\/#breadcrumb"},"inLanguage":"es","potentialAction":[{"@type":"ReadAction","target":["https:\/\/johnnyrockets.co.cr\/terminos-condiciones\/"]}]},{"@type":"ImageObject","inLanguage":"es","@id":"https:\/\/johnnyrockets.co.cr\/terminos-condiciones\/#primaryimage","url":"https:\/\/johnnyrockets.co.cr\/wp-content\/uploads\/2024\/04\/JR_TerminosyCondiciones_1.png","contentUrl":"https:\/\/johnnyrockets.co.cr\/wp-content\/uploads\/2024\/04\/JR_TerminosyCondiciones_1.png"},{"@type":"BreadcrumbList","@id":"https:\/\/johnnyrockets.co.cr\/terminos-condiciones\/#breadcrumb","itemListElement":[{"@type":"ListItem","position":1,"name":"Portada","item":"https:\/\/johnnyrockets.co.cr\/"},{"@type":"ListItem","position":2,"name":"T\u00e9rminos y Condiciones"}]},{"@type":"WebSite","@id":"https:\/\/johnnyrockets.co.cr\/#website","url":"https:\/\/johnnyrockets.co.cr\/","name":"Johnny Rockets","description":"Burgers, Shakes, Fries and Fun","publisher":{"@id":"https:\/\/johnnyrockets.co.cr\/#organization"},"potentialAction":[{"@type":"SearchAction","target":{"@type":"EntryPoint","urlTemplate":"https:\/\/johnnyrockets.co.cr\/?s={search_term_string}"},"query-input":{"@type":"PropertyValueSpecification","valueRequired":true,"valueName":"search_term_string"}}],"inLanguage":"es"},{"@type":"Organization","@id":"https:\/\/johnnyrockets.co.cr\/#organization","name":"Johnny Rockets","url":"https:\/\/johnnyrockets.co.cr\/","logo":{"@type":"ImageObject","inLanguage":"es","@id":"https:\/\/johnnyrockets.co.cr\/#\/schema\/logo\/image\/","url":"https:\/\/johnnyrockets.co.cr\/wp-content\/uploads\/2025\/07\/JohnnyRockets2020-e1753887478201.png","contentUrl":"https:\/\/johnnyrockets.co.cr\/wp-content\/uploads\/2025\/07\/JohnnyRockets2020-e1753887478201.png","width":300,"height":270,"caption":"Johnny Rockets"},"image":{"@id":"https:\/\/johnnyrockets.co.cr\/#\/schema\/logo\/image\/"},"sameAs":["https:\/\/www.facebook.com\/JohnnyRocketsCR\/","https:\/\/www.instagram.com\/johnnyrockets_cr\/?hl=en"]}]}},"_links":{"self":[{"href":"https:\/\/johnnyrockets.co.cr\/es\/wp-json\/wp\/v2\/pages\/616","targetHints":{"allow":["GET"]}}],"collection":[{"href":"https:\/\/johnnyrockets.co.cr\/es\/wp-json\/wp\/v2\/pages"}],"about":[{"href":"https:\/\/johnnyrockets.co.cr\/es\/wp-json\/wp\/v2\/types\/page"}],"author":[{"embeddable":true,"href":"https:\/\/johnnyrockets.co.cr\/es\/wp-json\/wp\/v2\/users\/1"}],"replies":[{"embeddable":true,"href":"https:\/\/johnnyrockets.co.cr\/es\/wp-json\/wp\/v2\/comments?post=616"}],"version-history":[{"count":19,"href":"https:\/\/johnnyrockets.co.cr\/es\/wp-json\/wp\/v2\/pages\/616\/revisions"}],"predecessor-version":[{"id":2766,"href":"https:\/\/johnnyrockets.co.cr\/es\/wp-json\/wp\/v2\/pages\/616\/revisions\/2766"}],"wp:attachment":[{"href":"https:\/\/johnnyrockets.co.cr\/es\/wp-json\/wp\/v2\/media?parent=616"}],"curies":[{"name":"wp","href":"https:\/\/api.w.org\/{rel}","templated":true}]}}